{"id":40931,"date":"2024-12-05T09:06:59","date_gmt":"2024-12-05T09:06:59","guid":{"rendered":"https:\/\/letstalkgunscolorado.com\/staging\/oficina-de-prevencion-de-la-violencia-armada\/"},"modified":"2025-08-20T06:17:28","modified_gmt":"2025-08-20T06:17:28","slug":"oficina-de-prevencion-de-la-violencia-armada","status":"publish","type":"page","link":"https:\/\/letstalkgunscolorado.com\/staging\/oficina-de-prevencion-de-la-violencia-armada\/","title":{"rendered":"oficina de prevenci\u00f3n de la violencia armada"},"content":{"rendered":"\t\t<div data-elementor-type=\"wp-page\" data-elementor-id=\"40931\" class=\"elementor elementor-40931\">\n\t\t\t\t<div class=\"elementor-element elementor-element-0e36d13 e-con-full thegem-e-con-layout-thegem e-flex jltma-glass-effect-no e-con e-parent\" data-id=\"0e36d13\" data-element_type=\"container\" data-e-type=\"container\" data-settings=\"{&quot;background_background&quot;:&quot;classic&quot;,&quot;thegem_container_layout&quot;:&quot;thegem&quot;}\">\r\n\t\t<div class=\"elementor-element elementor-element-123cb4e e-con-full thegem-e-con-layout-thegem e-flex jltma-glass-effect-no e-con e-child\" data-id=\"123cb4e\" data-element_type=\"container\" data-e-type=\"container\" data-settings=\"{&quot;thegem_container_layout&quot;:&quot;thegem&quot;}\">\r\n\t\t\t\t<div class=\"elementor-element elementor-element-1a1a3d2 flex-horizontal-align-default flex-horizontal-align-tablet-default flex-horizontal-align-mobile-default flex-vertical-align-default flex-vertical-align-tablet-default flex-vertical-align-mobile-default jltma-glass-effect-no elementor-widget elementor-widget-heading\" data-id=\"1a1a3d2\" data-element_type=\"widget\" data-e-type=\"widget\" data-widget_type=\"heading.default\">\n\t\t\t\t<div class=\"elementor-widget-container\">\n\t\t\t\t\t<h2 class=\"elementor-heading-title elementor-size-default\">SOBRE LA CAMPA\u00d1A<\/h2>\t\t\t\t<\/div>\n\t\t\t\t<\/div>\n\t\t\t\t<div class=\"elementor-element elementor-element-5614f6c flex-horizontal-align-default flex-horizontal-align-tablet-default flex-horizontal-align-mobile-default flex-vertical-align-default flex-vertical-align-tablet-default flex-vertical-align-mobile-default jltma-glass-effect-no elementor-widget elementor-widget-heading\" data-id=\"5614f6c\" data-element_type=\"widget\" data-e-type=\"widget\" data-widget_type=\"heading.default\">\n\t\t\t\t<div class=\"elementor-widget-container\">\n\t\t\t\t\t<h4 class=\"elementor-heading-title elementor-size-default\">Oficina de Prevenci\u00f3n de la Violencia Armada<\/h4>\t\t\t\t<\/div>\n\t\t\t\t<\/div>\n\t\t\t\t<\/div>\n\t\t\t\t<\/div>\n\t\t<div class=\"elementor-element elementor-element-9ee7834 e-con-full thegem-e-con-layout-thegem e-flex jltma-glass-effect-no e-con e-parent\" data-id=\"9ee7834\" data-element_type=\"container\" data-e-type=\"container\" data-settings=\"{&quot;background_background&quot;:&quot;classic&quot;,&quot;thegem_container_layout&quot;:&quot;thegem&quot;}\">\r\n\t\t<div class=\"elementor-element elementor-element-354000a e-con-full thegem-e-con-layout-thegem e-flex jltma-glass-effect-no e-con e-child\" data-id=\"354000a\" data-element_type=\"container\" data-e-type=\"container\" data-settings=\"{&quot;thegem_container_layout&quot;:&quot;thegem&quot;}\">\r\n\t\t\t\t<div class=\"elementor-element elementor-element-0273155 flex-horizontal-align-default flex-horizontal-align-tablet-default flex-horizontal-align-mobile-default flex-vertical-align-default flex-vertical-align-tablet-default flex-vertical-align-mobile-default jltma-glass-effect-no elementor-widget elementor-widget-heading\" data-id=\"0273155\" data-element_type=\"widget\" data-e-type=\"widget\" data-widget_type=\"heading.default\">\n\t\t\t\t<div class=\"elementor-widget-container\">\n\t\t\t\t\t<div class=\"title-h3 elementor-heading-title elementor-size-default\">En <a href=\"https:\/\/cdphe.colorado.gov\/office-of-gun-violence-prevention\" target=\"_blank\" style=\"text-decoration: underline\"><b>Oficina de Prevenci\u00f3n de la Violencia Armada<\/b><\/a> <img src=\"https:\/\/letstalkgunscolorado.com\/staging\/wp-content\/uploads\/2025\/05\/link.png\" class=\"link\"> forma parte del Departamento de Salud P\u00fablica y Medio Ambiente de Colorado. Es responsable de coordinar y promover estrategias eficaces para reducir la violencia armada en nuestro estado.<\/div>\t\t\t\t<\/div>\n\t\t\t\t<\/div>\n\t\t\t\t<\/div>\n\t\t\t\t<\/div>\n\t\t<div class=\"elementor-element elementor-element-3aae219 e-con-full thegem-e-con-layout-thegem e-flex jltma-glass-effect-no e-con e-parent\" data-id=\"3aae219\" data-element_type=\"container\" data-e-type=\"container\" data-settings=\"{&quot;thegem_container_layout&quot;:&quot;thegem&quot;}\">\r\n\t\t<div class=\"elementor-element elementor-element-599a13f e-con-full thegem-e-con-layout-thegem e-flex jltma-glass-effect-no e-con e-child\" data-id=\"599a13f\" data-element_type=\"container\" data-e-type=\"container\" data-settings=\"{&quot;thegem_container_layout&quot;:&quot;thegem&quot;}\">\r\n\t\t<div class=\"elementor-element elementor-element-8ac65a9 e-con-full thegem-e-con-layout-thegem e-flex jltma-glass-effect-no e-con e-child\" data-id=\"8ac65a9\" data-element_type=\"container\" data-e-type=\"container\" data-settings=\"{&quot;thegem_container_layout&quot;:&quot;thegem&quot;}\">\r\n\t\t<div class=\"elementor-element elementor-element-d1db9a0 e-con-full thegem-e-con-layout-thegem e-flex jltma-glass-effect-no e-con e-child\" data-id=\"d1db9a0\" data-element_type=\"container\" data-e-type=\"container\" data-settings=\"{&quot;background_background&quot;:&quot;classic&quot;,&quot;thegem_container_layout&quot;:&quot;thegem&quot;}\">\r\n\t\t<div class=\"elementor-element elementor-element-de2dc90 e-con-full thegem-e-con-layout-thegem e-flex jltma-glass-effect-no e-con e-child\" data-id=\"de2dc90\" data-element_type=\"container\" data-e-type=\"container\" data-settings=\"{&quot;thegem_container_layout&quot;:&quot;thegem&quot;}\">\r\n\t\t\t\t<div class=\"elementor-element elementor-element-e2c643d flex-horizontal-align-default flex-horizontal-align-tablet-default flex-horizontal-align-mobile-default flex-vertical-align-default flex-vertical-align-tablet-default flex-vertical-align-mobile-default jltma-glass-effect-no elementor-widget elementor-widget-image\" data-id=\"e2c643d\" data-element_type=\"widget\" data-e-type=\"widget\" data-widget_type=\"image.default\">\n\t\t\t\t<div class=\"elementor-widget-container\">\n\t\t\t\t\t\t\t\t\t\t\t\t\t\t\t<img fetchpriority=\"high\" width=\"490\" height=\"432\" src=\"https:\/\/letstalkgunscolorado.com\/staging\/wp-content\/uploads\/2025\/06\/LTGC_Logo_ESP_RGB-1.png\" class=\"attachment-full size-full wp-image-42266\" alt=\"Un globo de di\u00e1logo azul con texto blanco que dice, COLORADO Hablemos de Armas.\" srcset=\"https:\/\/letstalkgunscolorado.com\/staging\/wp-content\/uploads\/2025\/06\/LTGC_Logo_ESP_RGB-1.png 490w, https:\/\/letstalkgunscolorado.com\/staging\/wp-content\/uploads\/2025\/06\/LTGC_Logo_ESP_RGB-1-300x264.png 300w\" sizes=\"(max-width: 490px) 100vw, 490px\" \/>\t\t\t\t\t\t\t\t\t\t\t\t\t\t\t<\/div>\n\t\t\t\t<\/div>\n\t\t\t\t<\/div>\n\t\t<div class=\"elementor-element elementor-element-7d5b888 e-con-full thegem-e-con-layout-thegem e-flex jltma-glass-effect-no e-con e-child\" data-id=\"7d5b888\" data-element_type=\"container\" data-e-type=\"container\" data-settings=\"{&quot;thegem_container_layout&quot;:&quot;thegem&quot;}\">\r\n\t\t<div class=\"elementor-element elementor-element-c2ad1cb e-grid e-con-full thegem-e-con-layout-thegem jltma-glass-effect-no e-con e-child\" data-id=\"c2ad1cb\" data-element_type=\"container\" data-e-type=\"container\" data-settings=\"{&quot;thegem_container_layout&quot;:&quot;thegem&quot;}\">\r\n\t\t\t\t<div class=\"elementor-element elementor-element-c2b6d0f elementor-shape-circle elementor-grid-0 e-grid-align-center flex-horizontal-align-default flex-horizontal-align-tablet-default flex-horizontal-align-mobile-default flex-vertical-align-default flex-vertical-align-tablet-default flex-vertical-align-mobile-default jltma-glass-effect-no elementor-widget elementor-widget-social-icons\" data-id=\"c2b6d0f\" data-element_type=\"widget\" data-e-type=\"widget\" data-widget_type=\"social-icons.default\">\n\t\t\t\t<div class=\"elementor-widget-container\">\n\t\t\t\t\t\t\t<div class=\"elementor-social-icons-wrapper elementor-grid\" role=\"list\">\n\t\t\t\t\t\t\t<span class=\"elementor-grid-item\" role=\"listitem\">\n\t\t\t\t\t<a class=\"elementor-icon elementor-social-icon elementor-social-icon-facebook elementor-repeater-item-dabc999\" href=\"https:\/\/www.facebook.com\/LetsTalkGunsColorado\/\" target=\"_blank\">\n\t\t\t\t\t\t<span class=\"elementor-screen-only\">Facebook<\/span>\n\t\t\t\t\t\t<svg aria-hidden=\"true\" class=\"e-font-icon-svg e-fab-facebook\" viewBox=\"0 0 512 512\" xmlns=\"http:\/\/www.w3.org\/2000\/svg\"><path d=\"M504 256C504 119 393 8 256 8S8 119 8 256c0 123.78 90.69 226.38 209.25 245V327.69h-63V256h63v-54.64c0-62.15 37-96.48 93.67-96.48 27.14 0 55.52 4.84 55.52 4.84v61h-31.28c-30.8 0-40.41 19.12-40.41 38.73V256h68.78l-11 71.69h-57.78V501C413.31 482.38 504 379.78 504 256z\"><\/path><\/svg>\t\t\t\t\t<\/a>\n\t\t\t\t<\/span>\n\t\t\t\t\t\t\t<span class=\"elementor-grid-item\" role=\"listitem\">\n\t\t\t\t\t<a class=\"elementor-icon elementor-social-icon elementor-social-icon-instagram elementor-repeater-item-e429a63\" href=\"https:\/\/www.instagram.com\/letstalkgunscolorado\/\" target=\"_blank\">\n\t\t\t\t\t\t<span class=\"elementor-screen-only\">Instagram<\/span>\n\t\t\t\t\t\t<svg aria-hidden=\"true\" class=\"e-font-icon-svg e-fab-instagram\" viewBox=\"0 0 448 512\" xmlns=\"http:\/\/www.w3.org\/2000\/svg\"><path d=\"M224.1 141c-63.6 0-114.9 51.3-114.9 114.9s51.3 114.9 114.9 114.9S339 319.5 339 255.9 287.7 141 224.1 141zm0 189.6c-41.1 0-74.7-33.5-74.7-74.7s33.5-74.7 74.7-74.7 74.7 33.5 74.7 74.7-33.6 74.7-74.7 74.7zm146.4-194.3c0 14.9-12 26.8-26.8 26.8-14.9 0-26.8-12-26.8-26.8s12-26.8 26.8-26.8 26.8 12 26.8 26.8zm76.1 27.2c-1.7-35.9-9.9-67.7-36.2-93.9-26.2-26.2-58-34.4-93.9-36.2-37-2.1-147.9-2.1-184.9 0-35.8 1.7-67.6 9.9-93.9 36.1s-34.4 58-36.2 93.9c-2.1 37-2.1 147.9 0 184.9 1.7 35.9 9.9 67.7 36.2 93.9s58 34.4 93.9 36.2c37 2.1 147.9 2.1 184.9 0 35.9-1.7 67.7-9.9 93.9-36.2 26.2-26.2 34.4-58 36.2-93.9 2.1-37 2.1-147.8 0-184.8zM398.8 388c-7.8 19.6-22.9 34.7-42.6 42.6-29.5 11.7-99.5 9-132.1 9s-102.7 2.6-132.1-9c-19.6-7.8-34.7-22.9-42.6-42.6-11.7-29.5-9-99.5-9-132.1s-2.6-102.7 9-132.1c7.8-19.6 22.9-34.7 42.6-42.6 29.5-11.7 99.5-9 132.1-9s102.7-2.6 132.1 9c19.6 7.8 34.7 22.9 42.6 42.6 11.7 29.5 9 99.5 9 132.1s2.7 102.7-9 132.1z\"><\/path><\/svg>\t\t\t\t\t<\/a>\n\t\t\t\t<\/span>\n\t\t\t\t\t\t\t<span class=\"elementor-grid-item\" role=\"listitem\">\n\t\t\t\t\t<a class=\"elementor-icon elementor-social-icon elementor-social-icon-youtube elementor-repeater-item-26b0edc\" href=\"https:\/\/www.youtube.com\/@LetsTalkGunsColorado\" target=\"_blank\">\n\t\t\t\t\t\t<span class=\"elementor-screen-only\">Youtube<\/span>\n\t\t\t\t\t\t<svg aria-hidden=\"true\" class=\"e-font-icon-svg e-fab-youtube\" viewBox=\"0 0 576 512\" xmlns=\"http:\/\/www.w3.org\/2000\/svg\"><path d=\"M549.655 124.083c-6.281-23.65-24.787-42.276-48.284-48.597C458.781 64 288 64 288 64S117.22 64 74.629 75.486c-23.497 6.322-42.003 24.947-48.284 48.597-11.412 42.867-11.412 132.305-11.412 132.305s0 89.438 11.412 132.305c6.281 23.65 24.787 41.5 48.284 47.821C117.22 448 288 448 288 448s170.78 0 213.371-11.486c23.497-6.321 42.003-24.171 48.284-47.821 11.412-42.867 11.412-132.305 11.412-132.305s0-89.438-11.412-132.305zm-317.51 213.508V175.185l142.739 81.205-142.739 81.201z\"><\/path><\/svg>\t\t\t\t\t<\/a>\n\t\t\t\t<\/span>\n\t\t\t\t\t<\/div>\n\t\t\t\t\t\t<\/div>\n\t\t\t\t<\/div>\n\t\t\t\t<\/div>\n\t\t<div class=\"elementor-element elementor-element-196a0a3 e-grid e-con-full thegem-e-con-layout-thegem jltma-glass-effect-no e-con e-child\" data-id=\"196a0a3\" data-element_type=\"container\" data-e-type=\"container\" data-settings=\"{&quot;thegem_container_layout&quot;:&quot;thegem&quot;}\">\r\n\t\t\t\t<div class=\"elementor-element elementor-element-4715a33 flex-horizontal-align-default flex-horizontal-align-tablet-default flex-horizontal-align-mobile-default flex-vertical-align-default flex-vertical-align-tablet-default flex-vertical-align-mobile-default jltma-glass-effect-no elementor-widget elementor-widget-text-editor\" data-id=\"4715a33\" data-element_type=\"widget\" data-e-type=\"widget\" data-widget_type=\"text-editor.default\">\n\t\t\t\t<div class=\"elementor-widget-container\">\n\t\t\t\t\t\t\t\t\t\t\t\t<div class=\"elementor-text-editor elementor-clearfix\">\r\n\t\t\t\t\t\t<ul>\n \t<li><a href=\"https:\/\/letstalkgunscolorado.com\/staging\/es\/propietarios-de-armas\/\">Propietarios de armas<\/a><\/li>\n \t<li><a href=\"https:\/\/letstalkgunscolorado.com\/staging\/es\/opcion-de-almacenamiento-seguro-de-armas\/\">Opciones de almacenamiento seguro de armas<\/a><\/li>\n \t<li><a href=\"https:\/\/letstalkgunscolorado.com\/staging\/es\/mito-facto-armas\/\">Hechos \/ Mitos<\/a><\/li>\n \t<li><a href=\"https:\/\/letstalkgunscolorado.com\/staging\/es\/responsabilidad-colectiva\/\">Trabajar juntos<\/a><\/li>\n \t<li><a href=\"https:\/\/letstalkgunscolorado.com\/staging\/es\/normas-de-compromiso\/\">Reglas de enfrentamiento<\/a><\/li>\n<\/ul>\n\t\t\t\t\t\t\t<\/div>\r\n\t\t\t\t\t\t\t\t\t\t<\/div>\n\t\t\t\t<\/div>\n\t\t\t\t<div class=\"elementor-element elementor-element-fafa694 flex-horizontal-align-default flex-horizontal-align-tablet-default flex-horizontal-align-mobile-default flex-vertical-align-default flex-vertical-align-tablet-default flex-vertical-align-mobile-default jltma-glass-effect-no elementor-widget elementor-widget-text-editor\" data-id=\"fafa694\" data-element_type=\"widget\" data-e-type=\"widget\" data-widget_type=\"text-editor.default\">\n\t\t\t\t<div class=\"elementor-widget-container\">\n\t\t\t\t\t\t\t\t\t\t\t\t<div class=\"elementor-text-editor elementor-clearfix\">\r\n\t\t\t\t\t\t<ul>\n \t<li><a href=\"https:\/\/letstalkgunscolorado.com\/staging\/es\/vivir-con-pistolas\/\">Vivir con un propietario de armas<\/a><\/li>\n \t<li><a href=\"https:\/\/letstalkgunscolorado.com\/staging\/es\/recursos\/\">Recursos<\/a><\/li>\n \t<li><a href=\"https:\/\/letstalkgunscolorado.com\/staging\/es\/faq\/\">Preguntas frecuentes<\/a><\/li>\n \t<li><a href=\"https:\/\/cdphe.colorado.gov\/accessibility\" target=\"_blank\" rel=\"noopener\">Declaraci\u00f3n de accesibilidad<\/a><\/li>\n \t<li><a href=\"https:\/\/letstalkgunscolorado.com\/staging\/es\/profesionales\/\">Profesionales del sector<\/a><\/li>\n<\/ul>\t\t\t\t\t\t\t<\/div>\r\n\t\t\t\t\t\t\t\t\t\t<\/div>\n\t\t\t\t<\/div>\n\t\t\t\t<div class=\"elementor-element elementor-element-f2e9cc9 flex-horizontal-align-default flex-horizontal-align-tablet-default flex-horizontal-align-mobile-default flex-vertical-align-default flex-vertical-align-tablet-default flex-vertical-align-mobile-default jltma-glass-effect-no elementor-widget elementor-widget-text-editor\" data-id=\"f2e9cc9\" data-element_type=\"widget\" data-e-type=\"widget\" data-widget_type=\"text-editor.default\">\n\t\t\t\t<div class=\"elementor-widget-container\">\n\t\t\t\t\t\t\t\t\t\t\t\t<div class=\"elementor-text-editor elementor-clearfix\">\r\n\t\t\t\t\t\t<ul>\n \t<li><a href=\"https:\/\/letstalkgunscolorado.com\/staging\/es\/profesionales-de-la-salud-y-de-la-salud-mental\/\">Profesionales sanitarios y de salud mental<\/a><\/li>\n \t<li><a href=\"https:\/\/letstalkgunscolorado.com\/staging\/es\/ordenes-de-proteccion-de-riesgo-extremo\/\">\u00d3rdenes de protecci\u00f3n de riesgo extremo<\/a><\/li>\n \t<li><a href=\"https:\/\/letstalkgunscolorado.com\/staging\/es\/oficina-de-prevencion-de-la-violencia-armada\/\">Sobre la campa\u00f1a<\/a><\/li>\n \t<li><a href=\"https:\/\/letstalkgunscolorado.com\/staging\/es\/blog\/\">Blog<\/a><\/li>\n<\/ul>\t\t\t\t\t\t\t<\/div>\r\n\t\t\t\t\t\t\t\t\t\t<\/div>\n\t\t\t\t<\/div>\n\t\t\t\t<\/div>\n\t\t\t\t<\/div>\n\t\t\t\t<\/div>\n\t\t\t\t<\/div>\n\t\t\t\t<\/div>\n\t\t\t\t<\/div>\n\t\t<div class=\"elementor-element elementor-element-e154493 e-con-full thegem-e-con-layout-thegem e-flex jltma-glass-effect-no e-con e-parent\" data-id=\"e154493\" data-element_type=\"container\" data-e-type=\"container\" data-settings=\"{&quot;thegem_container_layout&quot;:&quot;thegem&quot;}\">\r\n\t\t<div class=\"elementor-element elementor-element-6d9d686 e-con-full thegem-e-con-layout-thegem e-flex jltma-glass-effect-no e-con e-child\" data-id=\"6d9d686\" data-element_type=\"container\" data-e-type=\"container\" data-settings=\"{&quot;thegem_container_layout&quot;:&quot;thegem&quot;}\">\r\n\t\t<div class=\"elementor-element elementor-element-54a4010 e-con-full thegem-e-con-layout-thegem e-flex jltma-glass-effect-no e-con e-child\" data-id=\"54a4010\" data-element_type=\"container\" data-e-type=\"container\" data-settings=\"{&quot;thegem_container_layout&quot;:&quot;thegem&quot;}\">\r\n\t\t<div class=\"elementor-element elementor-element-a0cb833 e-con-full thegem-e-con-layout-thegem e-flex jltma-glass-effect-no e-con e-child\" data-id=\"a0cb833\" data-element_type=\"container\" data-e-type=\"container\" data-settings=\"{&quot;background_background&quot;:&quot;classic&quot;,&quot;thegem_container_layout&quot;:&quot;thegem&quot;}\">\r\n\t\t\t\t<div class=\"elementor-element elementor-element-43b3d76 flex-horizontal-align-default flex-horizontal-align-tablet-default flex-horizontal-align-mobile-default flex-vertical-align-default flex-vertical-align-tablet-default flex-vertical-align-mobile-default jltma-glass-effect-no elementor-widget elementor-widget-text-editor\" data-id=\"43b3d76\" data-element_type=\"widget\" data-e-type=\"widget\" data-widget_type=\"text-editor.default\">\n\t\t\t\t<div class=\"elementor-widget-container\">\n\t\t\t\t\t\t\t\t\t\t\t\t<div class=\"elementor-text-editor elementor-clearfix\">\r\n\t\t\t\t\t\t<p>2025 Departamento de Salud P\u00fablica y Medio Ambiente de Colorado<\/p>\t\t\t\t\t\t\t<\/div>\r\n\t\t\t\t\t\t\t\t\t\t<\/div>\n\t\t\t\t<\/div>\n\t\t\t\t<\/div>\n\t\t\t\t<\/div>\n\t\t\t\t<\/div>\n\t\t\t\t<\/div>\n\t\t\t\t<\/div>\n\t\t","protected":false},"excerpt":{"rendered":"<p>SOBRE LA CAMPA\u00d1A Oficina de Prevenci\u00f3n de la Violencia Armada En Oficina de Prevenci\u00f3n de la Violencia Armada forma parte&#8230;<\/p>\n","protected":false},"author":1,"featured_media":0,"parent":0,"menu_order":0,"comment_status":"closed","ping_status":"closed","template":"","meta":{"_acf_changed":false,"footnotes":""},"class_list":["post-40931","page","type-page","status-publish"],"acf":[],"yoast_head":"<!-- This site is optimized with the Yoast SEO plugin v27.3 - https:\/\/yoast.com\/product\/yoast-seo-wordpress\/ -->\n<title>oficina de prevenci\u00f3n de la violencia armada - Let&#039;s Talk Guns Colorado<\/title>\n<meta name=\"robots\" content=\"index, follow, max-snippet:-1, max-image-preview:large, max-video-preview:-1\" \/>\n<link rel=\"canonical\" href=\"https:\/\/letstalkgunscolorado.com\/staging\/oficina-de-prevencion-de-la-violencia-armada\/\" \/>\n<meta property=\"og:locale\" content=\"en_US\" \/>\n<meta property=\"og:type\" content=\"article\" \/>\n<meta property=\"og:title\" content=\"oficina de prevenci\u00f3n de la violencia armada - Let&#039;s Talk Guns Colorado\" \/>\n<meta property=\"og:description\" content=\"SOBRE LA CAMPA\u00d1A Oficina de Prevenci\u00f3n de la Violencia Armada En Oficina de Prevenci\u00f3n de la Violencia Armada forma parte...\" \/>\n<meta property=\"og:url\" content=\"https:\/\/letstalkgunscolorado.com\/staging\/oficina-de-prevencion-de-la-violencia-armada\/\" \/>\n<meta property=\"og:site_name\" content=\"Let&#039;s Talk Guns Colorado\" \/>\n<meta property=\"article:modified_time\" content=\"2025-08-20T06:17:28+00:00\" \/>\n<meta property=\"og:image\" content=\"https:\/\/letstalkgunscolorado.com\/staging\/wp-content\/uploads\/2025\/05\/link.png\" \/>\n<meta name=\"twitter:card\" content=\"summary_large_image\" \/>\n<meta name=\"twitter:label1\" content=\"Est. reading time\" \/>\n\t<meta name=\"twitter:data1\" content=\"1 minute\" \/>\n<script type=\"application\/ld+json\" class=\"yoast-schema-graph\">{\"@context\":\"https:\\\/\\\/schema.org\",\"@graph\":[{\"@type\":\"WebPage\",\"@id\":\"https:\\\/\\\/letstalkgunscolorado.com\\\/staging\\\/oficina-de-prevencion-de-la-violencia-armada\\\/\",\"url\":\"https:\\\/\\\/letstalkgunscolorado.com\\\/staging\\\/oficina-de-prevencion-de-la-violencia-armada\\\/\",\"name\":\"oficina de prevenci\u00f3n de la violencia armada - Let&#039;s Talk Guns Colorado\",\"isPartOf\":{\"@id\":\"https:\\\/\\\/letstalkgunscolorado.com\\\/staging\\\/#website\"},\"primaryImageOfPage\":{\"@id\":\"https:\\\/\\\/letstalkgunscolorado.com\\\/staging\\\/oficina-de-prevencion-de-la-violencia-armada\\\/#primaryimage\"},\"image\":{\"@id\":\"https:\\\/\\\/letstalkgunscolorado.com\\\/staging\\\/oficina-de-prevencion-de-la-violencia-armada\\\/#primaryimage\"},\"thumbnailUrl\":\"https:\\\/\\\/letstalkgunscolorado.com\\\/staging\\\/wp-content\\\/uploads\\\/2025\\\/05\\\/link.png\",\"datePublished\":\"2024-12-05T09:06:59+00:00\",\"dateModified\":\"2025-08-20T06:17:28+00:00\",\"breadcrumb\":{\"@id\":\"https:\\\/\\\/letstalkgunscolorado.com\\\/staging\\\/oficina-de-prevencion-de-la-violencia-armada\\\/#breadcrumb\"},\"inLanguage\":\"en-US\",\"potentialAction\":[{\"@type\":\"ReadAction\",\"target\":[\"https:\\\/\\\/letstalkgunscolorado.com\\\/staging\\\/oficina-de-prevencion-de-la-violencia-armada\\\/\"]}]},{\"@type\":\"ImageObject\",\"inLanguage\":\"en-US\",\"@id\":\"https:\\\/\\\/letstalkgunscolorado.com\\\/staging\\\/oficina-de-prevencion-de-la-violencia-armada\\\/#primaryimage\",\"url\":\"https:\\\/\\\/letstalkgunscolorado.com\\\/staging\\\/wp-content\\\/uploads\\\/2025\\\/05\\\/link.png\",\"contentUrl\":\"https:\\\/\\\/letstalkgunscolorado.com\\\/staging\\\/wp-content\\\/uploads\\\/2025\\\/05\\\/link.png\",\"width\":113,\"height\":123,\"caption\":\"A simple blue chain link icon with two interlocking oval links, displayed on a light gray background.\"},{\"@type\":\"BreadcrumbList\",\"@id\":\"https:\\\/\\\/letstalkgunscolorado.com\\\/staging\\\/oficina-de-prevencion-de-la-violencia-armada\\\/#breadcrumb\",\"itemListElement\":[{\"@type\":\"ListItem\",\"position\":1,\"name\":\"Home\",\"item\":\"https:\\\/\\\/letstalkgunscolorado.com\\\/staging\\\/\"},{\"@type\":\"ListItem\",\"position\":2,\"name\":\"oficina de prevenci\u00f3n de la violencia armada\"}]},{\"@type\":\"WebSite\",\"@id\":\"https:\\\/\\\/letstalkgunscolorado.com\\\/staging\\\/#website\",\"url\":\"https:\\\/\\\/letstalkgunscolorado.com\\\/staging\\\/\",\"name\":\"Let&#039;s Talk Guns Colorado\",\"description\":\"\",\"potentialAction\":[{\"@type\":\"SearchAction\",\"target\":{\"@type\":\"EntryPoint\",\"urlTemplate\":\"https:\\\/\\\/letstalkgunscolorado.com\\\/staging\\\/?s={search_term_string}\"},\"query-input\":{\"@type\":\"PropertyValueSpecification\",\"valueRequired\":true,\"valueName\":\"search_term_string\"}}],\"inLanguage\":\"en-US\"}]}<\/script>\n<!-- \/ Yoast SEO plugin. -->","yoast_head_json":{"title":"oficina de prevenci\u00f3n de la violencia armada - Let&#039;s Talk Guns Colorado","robots":{"index":"index","follow":"follow","max-snippet":"max-snippet:-1","max-image-preview":"max-image-preview:large","max-video-preview":"max-video-preview:-1"},"canonical":"https:\/\/letstalkgunscolorado.com\/staging\/oficina-de-prevencion-de-la-violencia-armada\/","og_locale":"en_US","og_type":"article","og_title":"oficina de prevenci\u00f3n de la violencia armada - Let&#039;s Talk Guns Colorado","og_description":"SOBRE LA CAMPA\u00d1A Oficina de Prevenci\u00f3n de la Violencia Armada En Oficina de Prevenci\u00f3n de la Violencia Armada forma parte...","og_url":"https:\/\/letstalkgunscolorado.com\/staging\/oficina-de-prevencion-de-la-violencia-armada\/","og_site_name":"Let&#039;s Talk Guns Colorado","article_modified_time":"2025-08-20T06:17:28+00:00","og_image":[{"url":"https:\/\/letstalkgunscolorado.com\/staging\/wp-content\/uploads\/2025\/05\/link.png","type":"","width":"","height":""}],"twitter_card":"summary_large_image","twitter_misc":{"Est. reading time":"1 minute"},"schema":{"@context":"https:\/\/schema.org","@graph":[{"@type":"WebPage","@id":"https:\/\/letstalkgunscolorado.com\/staging\/oficina-de-prevencion-de-la-violencia-armada\/","url":"https:\/\/letstalkgunscolorado.com\/staging\/oficina-de-prevencion-de-la-violencia-armada\/","name":"oficina de prevenci\u00f3n de la violencia armada - Let&#039;s Talk Guns Colorado","isPartOf":{"@id":"https:\/\/letstalkgunscolorado.com\/staging\/#website"},"primaryImageOfPage":{"@id":"https:\/\/letstalkgunscolorado.com\/staging\/oficina-de-prevencion-de-la-violencia-armada\/#primaryimage"},"image":{"@id":"https:\/\/letstalkgunscolorado.com\/staging\/oficina-de-prevencion-de-la-violencia-armada\/#primaryimage"},"thumbnailUrl":"https:\/\/letstalkgunscolorado.com\/staging\/wp-content\/uploads\/2025\/05\/link.png","datePublished":"2024-12-05T09:06:59+00:00","dateModified":"2025-08-20T06:17:28+00:00","breadcrumb":{"@id":"https:\/\/letstalkgunscolorado.com\/staging\/oficina-de-prevencion-de-la-violencia-armada\/#breadcrumb"},"inLanguage":"en-US","potentialAction":[{"@type":"ReadAction","target":["https:\/\/letstalkgunscolorado.com\/staging\/oficina-de-prevencion-de-la-violencia-armada\/"]}]},{"@type":"ImageObject","inLanguage":"en-US","@id":"https:\/\/letstalkgunscolorado.com\/staging\/oficina-de-prevencion-de-la-violencia-armada\/#primaryimage","url":"https:\/\/letstalkgunscolorado.com\/staging\/wp-content\/uploads\/2025\/05\/link.png","contentUrl":"https:\/\/letstalkgunscolorado.com\/staging\/wp-content\/uploads\/2025\/05\/link.png","width":113,"height":123,"caption":"A simple blue chain link icon with two interlocking oval links, displayed on a light gray background."},{"@type":"BreadcrumbList","@id":"https:\/\/letstalkgunscolorado.com\/staging\/oficina-de-prevencion-de-la-violencia-armada\/#breadcrumb","itemListElement":[{"@type":"ListItem","position":1,"name":"Home","item":"https:\/\/letstalkgunscolorado.com\/staging\/"},{"@type":"ListItem","position":2,"name":"oficina de prevenci\u00f3n de la violencia armada"}]},{"@type":"WebSite","@id":"https:\/\/letstalkgunscolorado.com\/staging\/#website","url":"https:\/\/letstalkgunscolorado.com\/staging\/","name":"Let&#039;s Talk Guns Colorado","description":"","potentialAction":[{"@type":"SearchAction","target":{"@type":"EntryPoint","urlTemplate":"https:\/\/letstalkgunscolorado.com\/staging\/?s={search_term_string}"},"query-input":{"@type":"PropertyValueSpecification","valueRequired":true,"valueName":"search_term_string"}}],"inLanguage":"en-US"}]}},"_links":{"self":[{"href":"https:\/\/letstalkgunscolorado.com\/staging\/wp-json\/wp\/v2\/pages\/40931","targetHints":{"allow":["GET"]}}],"collection":[{"href":"https:\/\/letstalkgunscolorado.com\/staging\/wp-json\/wp\/v2\/pages"}],"about":[{"href":"https:\/\/letstalkgunscolorado.com\/staging\/wp-json\/wp\/v2\/types\/page"}],"author":[{"embeddable":true,"href":"https:\/\/letstalkgunscolorado.com\/staging\/wp-json\/wp\/v2\/users\/1"}],"replies":[{"embeddable":true,"href":"https:\/\/letstalkgunscolorado.com\/staging\/wp-json\/wp\/v2\/comments?post=40931"}],"version-history":[{"count":13,"href":"https:\/\/letstalkgunscolorado.com\/staging\/wp-json\/wp\/v2\/pages\/40931\/revisions"}],"predecessor-version":[{"id":44556,"href":"https:\/\/letstalkgunscolorado.com\/staging\/wp-json\/wp\/v2\/pages\/40931\/revisions\/44556"}],"wp:attachment":[{"href":"https:\/\/letstalkgunscolorado.com\/staging\/wp-json\/wp\/v2\/media?parent=40931"}],"curies":[{"name":"wp","href":"https:\/\/api.w.org\/{rel}","templated":true}]}}